{"id":22420,"date":"2023-12-14T17:41:12","date_gmt":"2023-12-14T16:41:12","guid":{"rendered":"http:\/\/savinitartufi.it\/prodotto\/baccala-montebianco\/"},"modified":"2024-06-26T12:52:38","modified_gmt":"2024-06-26T10:52:38","slug":"baccala-montebianco-sauce-with-cod","status":"publish","type":"product","link":"https:\/\/www.savinitartufi.it\/en\/product\/baccala-montebianco-sauce-with-cod\/","title":{"rendered":"Baccal\u00e0 Montebianco &#8211; Sauce with cod"},"content":{"rendered":"<p>Use cold or warm, ideal to spread on lightly roasted croutons, add a C of extra virgin olive oil and, if you want, freshly ground pepper.<\/p>\n","protected":false},"excerpt":{"rendered":"<p>Use cold or warm, ideal to spread on lightly roasted croutons, add a C of extra virgin olive oil and, if you want, freshly ground pepper.<\/p>\n","protected":false},"featured_media":22417,"template":"","meta":[],"product_brand":[],"product_cat":[2449,1935,1925],"product_tag":[2476,2475],"class_list":{"0":"post-22420","1":"product","2":"type-product","3":"status-publish","4":"has-post-thumbnail","6":"product_cat-ready-meals","7":"product_cat-truffle-specialties","8":"product_cat-view-all","9":"product_tag-aperitif","10":"product_tag-appetizer","11":"pa_conservazione-the-product-may-be-stored-at-room-temperature-in-a-cool-place-away-from-direct-sunlight-once-open-it-must-be-kept-in-the-fridge-at-0-to-4","12":"pa_denominazione-legale-sauce-with-cod","13":"pa_destinazioni-escluse-usa-en","14":"pa_formato-180g-en","15":"pa_ingredienti-cod-nordic-cod-60-potatoes-extra-virgin-olive-oil-salt-aromatic-plants-spice-lemon-zest-it-can-contain-celery-molluscs-and-crustaceans","16":"pa_valori-nutrizionali-energia-673-kj-162-kcal-grassi-129-g-di-cui-acidi-grassi-saturi-20-g-carboidrati-35-g-di-cui-zuccheri-02-g-proteine-79-g-sale-155-g-en","18":"first","19":"outofstock","20":"taxable","21":"shipping-taxable","22":"purchasable","23":"product-type-simple"},"yoast_head":"<!-- This site is optimized with the Yoast SEO plugin v25.3 - https:\/\/yoast.com\/wordpress\/plugins\/seo\/ -->\n<title>Baccal\u00e0 Montebianco - Sauce with cod - Savini Tartufi<\/title>\n<meta name=\"description\" content=\"Looking for Baccal\u00e0 Montebianco - Sauce with cod? Then visit Savini Tartufi and discover Baccal\u00e0 Montebianco - Sauce with cod. Don\u2019t miss the offers!\" \/>\n<meta name=\"robots\" content=\"index, follow, max-snippet:-1, max-image-preview:large, max-video-preview:-1\" \/>\n<link rel=\"canonical\" href=\"https:\/\/www.savinitartufi.it\/en\/product\/baccala-montebianco-sauce-with-cod\/\" \/>\n<meta property=\"og:locale\" content=\"en_GB\" \/>\n<meta property=\"og:type\" content=\"article\" \/>\n<meta property=\"og:title\" content=\"Baccal\u00e0 Montebianco - Sauce with cod - Savini Tartufi\" \/>\n<meta property=\"og:description\" content=\"Looking for Baccal\u00e0 Montebianco - Sauce with cod? Then visit Savini Tartufi and discover Baccal\u00e0 Montebianco - Sauce with cod. Don\u2019t miss the offers!\" \/>\n<meta property=\"og:url\" content=\"https:\/\/www.savinitartufi.it\/en\/product\/baccala-montebianco-sauce-with-cod\/\" \/>\n<meta property=\"og:site_name\" content=\"Savini Tartufi\" \/>\n<meta property=\"article:modified_time\" content=\"2024-06-26T10:52:38+00:00\" \/>\n<meta property=\"og:image\" content=\"https:\/\/www.savinitartufi.it\/wp-content\/uploads\/2023\/12\/KB00CO00180BU-Baccala-Montebianco_amb.jpg\" \/>\n\t<meta property=\"og:image:width\" content=\"1200\" \/>\n\t<meta property=\"og:image:height\" content=\"1200\" \/>\n\t<meta property=\"og:image:type\" content=\"image\/jpeg\" \/>\n<meta name=\"twitter:card\" content=\"summary_large_image\" \/>\n<meta name=\"twitter:label1\" content=\"Estimated reading time\" \/>\n\t<meta name=\"twitter:data1\" content=\"1 minute\" \/>\n<script type=\"application\/ld+json\" class=\"yoast-schema-graph\">{\"@context\":\"https:\/\/schema.org\",\"@graph\":[{\"@type\":\"WebPage\",\"@id\":\"https:\/\/www.savinitartufi.it\/en\/product\/baccala-montebianco-sauce-with-cod\/\",\"url\":\"https:\/\/www.savinitartufi.it\/en\/product\/baccala-montebianco-sauce-with-cod\/\",\"name\":\"Baccal\u00e0 Montebianco - Sauce with cod - Savini Tartufi\",\"isPartOf\":{\"@id\":\"https:\/\/www.savinitartufi.it\/en\/#website\"},\"primaryImageOfPage\":{\"@id\":\"https:\/\/www.savinitartufi.it\/en\/product\/baccala-montebianco-sauce-with-cod\/#primaryimage\"},\"image\":{\"@id\":\"https:\/\/www.savinitartufi.it\/en\/product\/baccala-montebianco-sauce-with-cod\/#primaryimage\"},\"thumbnailUrl\":\"https:\/\/www.savinitartufi.it\/wp-content\/uploads\/2023\/12\/KB00CO00180BU-Baccala-Montebianco_amb.jpg\",\"datePublished\":\"2023-12-14T16:41:12+00:00\",\"dateModified\":\"2024-06-26T10:52:38+00:00\",\"description\":\"Looking for Baccal\u00e0 Montebianco - Sauce with cod? Then visit Savini Tartufi and discover Baccal\u00e0 Montebianco - Sauce with cod. Don\u2019t miss the offers!\",\"breadcrumb\":{\"@id\":\"https:\/\/www.savinitartufi.it\/en\/product\/baccala-montebianco-sauce-with-cod\/#breadcrumb\"},\"inLanguage\":\"en-GB\",\"potentialAction\":[{\"@type\":\"ReadAction\",\"target\":[\"https:\/\/www.savinitartufi.it\/en\/product\/baccala-montebianco-sauce-with-cod\/\"]}]},{\"@type\":\"ImageObject\",\"inLanguage\":\"en-GB\",\"@id\":\"https:\/\/www.savinitartufi.it\/en\/product\/baccala-montebianco-sauce-with-cod\/#primaryimage\",\"url\":\"https:\/\/www.savinitartufi.it\/wp-content\/uploads\/2023\/12\/KB00CO00180BU-Baccala-Montebianco_amb.jpg\",\"contentUrl\":\"https:\/\/www.savinitartufi.it\/wp-content\/uploads\/2023\/12\/KB00CO00180BU-Baccala-Montebianco_amb.jpg\",\"width\":1200,\"height\":1200,\"caption\":\"Baccal\u00e0 Montebianco\"},{\"@type\":\"BreadcrumbList\",\"@id\":\"https:\/\/www.savinitartufi.it\/en\/product\/baccala-montebianco-sauce-with-cod\/#breadcrumb\",\"itemListElement\":[{\"@type\":\"ListItem\",\"position\":1,\"name\":\"Home\",\"item\":\"https:\/\/www.savinitartufi.it\/en\/\"},{\"@type\":\"ListItem\",\"position\":2,\"name\":\"Shop\",\"item\":\"https:\/\/www.savinitartufi.it\/en\/shop\/\"},{\"@type\":\"ListItem\",\"position\":3,\"name\":\"Baccal\u00e0 Montebianco &#8211; Sauce with cod\"}]},{\"@type\":\"WebSite\",\"@id\":\"https:\/\/www.savinitartufi.it\/en\/#website\",\"url\":\"https:\/\/www.savinitartufi.it\/en\/\",\"name\":\"Savini Tartufi\",\"description\":\"\",\"publisher\":{\"@id\":\"https:\/\/www.savinitartufi.it\/en\/#organization\"},\"potentialAction\":[{\"@type\":\"SearchAction\",\"target\":{\"@type\":\"EntryPoint\",\"urlTemplate\":\"https:\/\/www.savinitartufi.it\/en\/?s={search_term_string}\"},\"query-input\":{\"@type\":\"PropertyValueSpecification\",\"valueRequired\":true,\"valueName\":\"search_term_string\"}}],\"inLanguage\":\"en-GB\"},{\"@type\":\"Organization\",\"@id\":\"https:\/\/www.savinitartufi.it\/en\/#organization\",\"name\":\"Savini Tartufi\",\"url\":\"https:\/\/www.savinitartufi.it\/en\/\",\"logo\":{\"@type\":\"ImageObject\",\"inLanguage\":\"en-GB\",\"@id\":\"https:\/\/www.savinitartufi.it\/en\/#\/schema\/logo\/image\/\",\"url\":\"https:\/\/www.savinitartufi.it\/wp-content\/uploads\/2023\/07\/favicon-savini-tartufi.jpg\",\"contentUrl\":\"https:\/\/www.savinitartufi.it\/wp-content\/uploads\/2023\/07\/favicon-savini-tartufi.jpg\",\"width\":64,\"height\":64,\"caption\":\"Savini Tartufi\"},\"image\":{\"@id\":\"https:\/\/www.savinitartufi.it\/en\/#\/schema\/logo\/image\/\"}}]}<\/script>\n<!-- \/ Yoast SEO plugin. -->","yoast_head_json":{"title":"Baccal\u00e0 Montebianco - Sauce with cod - Savini Tartufi","description":"Looking for Baccal\u00e0 Montebianco - Sauce with cod? Then visit Savini Tartufi and discover Baccal\u00e0 Montebianco - Sauce with cod. Don\u2019t miss the offers!","robots":{"index":"index","follow":"follow","max-snippet":"max-snippet:-1","max-image-preview":"max-image-preview:large","max-video-preview":"max-video-preview:-1"},"canonical":"https:\/\/www.savinitartufi.it\/en\/product\/baccala-montebianco-sauce-with-cod\/","og_locale":"en_GB","og_type":"article","og_title":"Baccal\u00e0 Montebianco - Sauce with cod - Savini Tartufi","og_description":"Looking for Baccal\u00e0 Montebianco - Sauce with cod? Then visit Savini Tartufi and discover Baccal\u00e0 Montebianco - Sauce with cod. Don\u2019t miss the offers!","og_url":"https:\/\/www.savinitartufi.it\/en\/product\/baccala-montebianco-sauce-with-cod\/","og_site_name":"Savini Tartufi","article_modified_time":"2024-06-26T10:52:38+00:00","og_image":[{"width":1200,"height":1200,"url":"https:\/\/www.savinitartufi.it\/wp-content\/uploads\/2023\/12\/KB00CO00180BU-Baccala-Montebianco_amb.jpg","type":"image\/jpeg"}],"twitter_card":"summary_large_image","twitter_misc":{"Estimated reading time":"1 minute"},"schema":{"@context":"https:\/\/schema.org","@graph":[{"@type":"WebPage","@id":"https:\/\/www.savinitartufi.it\/en\/product\/baccala-montebianco-sauce-with-cod\/","url":"https:\/\/www.savinitartufi.it\/en\/product\/baccala-montebianco-sauce-with-cod\/","name":"Baccal\u00e0 Montebianco - Sauce with cod - Savini Tartufi","isPartOf":{"@id":"https:\/\/www.savinitartufi.it\/en\/#website"},"primaryImageOfPage":{"@id":"https:\/\/www.savinitartufi.it\/en\/product\/baccala-montebianco-sauce-with-cod\/#primaryimage"},"image":{"@id":"https:\/\/www.savinitartufi.it\/en\/product\/baccala-montebianco-sauce-with-cod\/#primaryimage"},"thumbnailUrl":"https:\/\/www.savinitartufi.it\/wp-content\/uploads\/2023\/12\/KB00CO00180BU-Baccala-Montebianco_amb.jpg","datePublished":"2023-12-14T16:41:12+00:00","dateModified":"2024-06-26T10:52:38+00:00","description":"Looking for Baccal\u00e0 Montebianco - Sauce with cod? Then visit Savini Tartufi and discover Baccal\u00e0 Montebianco - Sauce with cod. Don\u2019t miss the offers!","breadcrumb":{"@id":"https:\/\/www.savinitartufi.it\/en\/product\/baccala-montebianco-sauce-with-cod\/#breadcrumb"},"inLanguage":"en-GB","potentialAction":[{"@type":"ReadAction","target":["https:\/\/www.savinitartufi.it\/en\/product\/baccala-montebianco-sauce-with-cod\/"]}]},{"@type":"ImageObject","inLanguage":"en-GB","@id":"https:\/\/www.savinitartufi.it\/en\/product\/baccala-montebianco-sauce-with-cod\/#primaryimage","url":"https:\/\/www.savinitartufi.it\/wp-content\/uploads\/2023\/12\/KB00CO00180BU-Baccala-Montebianco_amb.jpg","contentUrl":"https:\/\/www.savinitartufi.it\/wp-content\/uploads\/2023\/12\/KB00CO00180BU-Baccala-Montebianco_amb.jpg","width":1200,"height":1200,"caption":"Baccal\u00e0 Montebianco"},{"@type":"BreadcrumbList","@id":"https:\/\/www.savinitartufi.it\/en\/product\/baccala-montebianco-sauce-with-cod\/#breadcrumb","itemListElement":[{"@type":"ListItem","position":1,"name":"Home","item":"https:\/\/www.savinitartufi.it\/en\/"},{"@type":"ListItem","position":2,"name":"Shop","item":"https:\/\/www.savinitartufi.it\/en\/shop\/"},{"@type":"ListItem","position":3,"name":"Baccal\u00e0 Montebianco &#8211; Sauce with cod"}]},{"@type":"WebSite","@id":"https:\/\/www.savinitartufi.it\/en\/#website","url":"https:\/\/www.savinitartufi.it\/en\/","name":"Savini Tartufi","description":"","publisher":{"@id":"https:\/\/www.savinitartufi.it\/en\/#organization"},"potentialAction":[{"@type":"SearchAction","target":{"@type":"EntryPoint","urlTemplate":"https:\/\/www.savinitartufi.it\/en\/?s={search_term_string}"},"query-input":{"@type":"PropertyValueSpecification","valueRequired":true,"valueName":"search_term_string"}}],"inLanguage":"en-GB"},{"@type":"Organization","@id":"https:\/\/www.savinitartufi.it\/en\/#organization","name":"Savini Tartufi","url":"https:\/\/www.savinitartufi.it\/en\/","logo":{"@type":"ImageObject","inLanguage":"en-GB","@id":"https:\/\/www.savinitartufi.it\/en\/#\/schema\/logo\/image\/","url":"https:\/\/www.savinitartufi.it\/wp-content\/uploads\/2023\/07\/favicon-savini-tartufi.jpg","contentUrl":"https:\/\/www.savinitartufi.it\/wp-content\/uploads\/2023\/07\/favicon-savini-tartufi.jpg","width":64,"height":64,"caption":"Savini Tartufi"},"image":{"@id":"https:\/\/www.savinitartufi.it\/en\/#\/schema\/logo\/image\/"}}]}},"_links":{"self":[{"href":"https:\/\/www.savinitartufi.it\/en\/wp-json\/wp\/v2\/product\/22420","targetHints":{"allow":["GET"]}}],"collection":[{"href":"https:\/\/www.savinitartufi.it\/en\/wp-json\/wp\/v2\/product"}],"about":[{"href":"https:\/\/www.savinitartufi.it\/en\/wp-json\/wp\/v2\/types\/product"}],"wp:featuredmedia":[{"embeddable":true,"href":"https:\/\/www.savinitartufi.it\/en\/wp-json\/wp\/v2\/media\/22417"}],"wp:attachment":[{"href":"https:\/\/www.savinitartufi.it\/en\/wp-json\/wp\/v2\/media?parent=22420"}],"wp:term":[{"taxonomy":"product_brand","embeddable":true,"href":"https:\/\/www.savinitartufi.it\/en\/wp-json\/wp\/v2\/product_brand?post=22420"},{"taxonomy":"product_cat","embeddable":true,"href":"https:\/\/www.savinitartufi.it\/en\/wp-json\/wp\/v2\/product_cat?post=22420"},{"taxonomy":"product_tag","embeddable":true,"href":"https:\/\/www.savinitartufi.it\/en\/wp-json\/wp\/v2\/product_tag?post=22420"}],"curies":[{"name":"wp","href":"https:\/\/api.w.org\/{rel}","templated":true}]}}